{"id":20,"date":"2020-08-20T22:07:12","date_gmt":"2020-08-20T20:07:12","guid":{"rendered":"http:\/\/tisserdesliens.luitaud.fr\/?page_id=20"},"modified":"2020-08-21T19:53:06","modified_gmt":"2020-08-21T17:53:06","slug":"coucou","status":"publish","type":"page","link":"https:\/\/tisserdesliens.luitaud.fr\/","title":{"rendered":"Accueil"},"content":{"rendered":"\n<p class=\"has-drop-cap\">Pourquoi Tisser des liens?<\/p>\n\n\n\n<p>J&rsquo;ai toujours aim\u00e9 prendre soin des autres, aller vers les autres, partager, \u00e9changer&#8230;Le nom de mon site m&rsquo;est venu \u00e0 l&rsquo;esprit un soir et je me suis dit \u00ab\u00a0pourquoi pas le partager aux ateliers que je vais mettre en place?\u00a0\u00bb<\/p>\n\n\n\n<p>Ici je vais me confier, partager, \u00e9changer (je l&rsquo;esp\u00e8re) et donc Tisser des liens avec vous!<\/p>\n\n\n\n<p>Je vous souhaite la bienvenue ici, installez-vous confortablement et enjoy!<\/p>\n\n\n\n<p>@ng\u00e9lique<\/p>\n\n\n\n<figure class=\"wp-block-image size-large\"><img loading=\"lazy\" decoding=\"async\" width=\"564\" height=\"846\" src=\"http:\/\/tisserdesliens.luitaud.fr\/wp-content\/uploads\/2020\/08\/6e7c7af2e7dd4f28e21406e0df1f434c.jpg\" alt=\"\" class=\"wp-image-64\" srcset=\"https:\/\/tisserdesliens.luitaud.fr\/wp-content\/uploads\/2020\/08\/6e7c7af2e7dd4f28e21406e0df1f434c.jpg 564w, https:\/\/tisserdesliens.luitaud.fr\/wp-content\/uploads\/2020\/08\/6e7c7af2e7dd4f28e21406e0df1f434c-200x300.jpg 200w\" sizes=\"auto, (max-width: 564px) 100vw, 564px\" \/><\/figure>\n","protected":false},"excerpt":{"rendered":"<p>Pourquoi Tisser des liens? J&rsquo;ai toujours aim\u00e9 prendre soin des autres, aller vers les autres, partager, \u00e9changer&#8230;Le nom de mon site m&rsquo;est venu \u00e0 l&rsquo;esprit un soir et je me suis dit \u00ab\u00a0pourquoi pas le partager aux ateliers que je vais mettre en place?\u00a0\u00bb Ici je vais me confier, partager, \u00e9changer (je l&rsquo;esp\u00e8re) et donc Tisser des liens avec vous! Je vous souhaite la bienvenue ici, installez-vous confortablement et enjoy! @ng\u00e9lique<\/p>\n","protected":false},"author":1,"featured_media":0,"parent":0,"menu_order":0,"comment_status":"closed","ping_status":"closed","template":"","meta":{"footnotes":""},"class_list":["post-20","page","type-page","status-publish","hentry"],"_links":{"self":[{"href":"https:\/\/tisserdesliens.luitaud.fr\/index.php?rest_route=\/wp\/v2\/pages\/20","targetHints":{"allow":["GET"]}}],"collection":[{"href":"https:\/\/tisserdesliens.luitaud.fr\/index.php?rest_route=\/wp\/v2\/pages"}],"about":[{"href":"https:\/\/tisserdesliens.luitaud.fr\/index.php?rest_route=\/wp\/v2\/types\/page"}],"author":[{"embeddable":true,"href":"https:\/\/tisserdesliens.luitaud.fr\/index.php?rest_route=\/wp\/v2\/users\/1"}],"replies":[{"embeddable":true,"href":"https:\/\/tisserdesliens.luitaud.fr\/index.php?rest_route=%2Fwp%2Fv2%2Fcomments&post=20"}],"version-history":[{"count":3,"href":"https:\/\/tisserdesliens.luitaud.fr\/index.php?rest_route=\/wp\/v2\/pages\/20\/revisions"}],"predecessor-version":[{"id":73,"href":"https:\/\/tisserdesliens.luitaud.fr\/index.php?rest_route=\/wp\/v2\/pages\/20\/revisions\/73"}],"wp:attachment":[{"href":"https:\/\/tisserdesliens.luitaud.fr\/index.php?rest_route=%2Fwp%2Fv2%2Fmedia&parent=20"}],"curies":[{"name":"wp","href":"https:\/\/api.w.org\/{rel}","templated":true}]}}