{"id":7,"date":"2020-08-20T22:09:31","date_gmt":"2020-08-20T20:09:31","guid":{"rendered":"http:\/\/tisserdesliens.luitaud.fr\/?page_id=7"},"modified":"2020-08-21T16:13:03","modified_gmt":"2020-08-21T14:13:03","slug":"a-propos-de","status":"publish","type":"page","link":"https:\/\/tisserdesliens.luitaud.fr\/?page_id=7","title":{"rendered":"\u00c0 propos de"},"content":{"rendered":"\n<p class=\"has-drop-cap\">Femme, maman, \u00e9pouse&#8230; , je me livre \u00e0 l&rsquo;\u00e9crit sur des sujets qui me tiennent \u00e0 c\u0153ur. <\/p>\n","protected":false},"excerpt":{"rendered":"<p>Femme, maman, \u00e9pouse&#8230; , je me livre \u00e0 l&rsquo;\u00e9crit sur des sujets qui me tiennent \u00e0 c\u0153ur.<\/p>\n","protected":false},"author":1,"featured_media":0,"parent":0,"menu_order":0,"comment_status":"closed","ping_status":"closed","template":"","meta":{"footnotes":""},"class_list":["post-7","page","type-page","status-publish","hentry"],"_links":{"self":[{"href":"https:\/\/tisserdesliens.luitaud.fr\/index.php?rest_route=\/wp\/v2\/pages\/7","targetHints":{"allow":["GET"]}}],"collection":[{"href":"https:\/\/tisserdesliens.luitaud.fr\/index.php?rest_route=\/wp\/v2\/pages"}],"about":[{"href":"https:\/\/tisserdesliens.luitaud.fr\/index.php?rest_route=\/wp\/v2\/types\/page"}],"author":[{"embeddable":true,"href":"https:\/\/tisserdesliens.luitaud.fr\/index.php?rest_route=\/wp\/v2\/users\/1"}],"replies":[{"embeddable":true,"href":"https:\/\/tisserdesliens.luitaud.fr\/index.php?rest_route=%2Fwp%2Fv2%2Fcomments&post=7"}],"version-history":[{"count":5,"href":"https:\/\/tisserdesliens.luitaud.fr\/index.php?rest_route=\/wp\/v2\/pages\/7\/revisions"}],"predecessor-version":[{"id":72,"href":"https:\/\/tisserdesliens.luitaud.fr\/index.php?rest_route=\/wp\/v2\/pages\/7\/revisions\/72"}],"wp:attachment":[{"href":"https:\/\/tisserdesliens.luitaud.fr\/index.php?rest_route=%2Fwp%2Fv2%2Fmedia&parent=7"}],"curies":[{"name":"wp","href":"https:\/\/api.w.org\/{rel}","templated":true}]}}